{"id":13455,"date":"2020-11-01T14:40:59","date_gmt":"2020-11-01T13:40:59","guid":{"rendered":"https:\/\/tsv-giessen.de\/?page_id=13455"},"modified":"2020-11-01T14:40:59","modified_gmt":"2020-11-01T13:40:59","slug":"tipps","status":"publish","type":"page","link":"https:\/\/tsv-giessen.de\/?page_id=13455","title":{"rendered":"Tipps"},"content":{"rendered":"<section class=\"l-section wpb_row height_small\"><div class=\"l-section-h i-cf\"><div class=\"g-cols type_default valign_top\"><div class=\"vc_col-sm-12 wpb_column vc_column_container\"><div class=\"vc_column-inner\"><div class=\"wpb_wrapper\">\r\n\t<div class=\"wpb_text_column \">\r\n\t\t<div class=\"wpb_wrapper\">\r\n\t\t\t<h5><strong>Wasser- und Futterstellen<\/strong><\/h5>\n\r\n\t\t<\/div>\r\n\t<\/div>\r\n\r\n\t<div class=\"wpb_text_column \">\r\n\t\t<div class=\"wpb_wrapper\">\r\n\t\t\t<h6><u>Wasserstellen<\/u><\/h6>\n<p>An hei\u00dfen Sommertagen oder w\u00e4hrend Trockenperioden sind Wildtiere, Wildv\u00f6gel und Insekten auf das Bereitstellen von Wasserstellen angewiesen. Hierbei ist zu beachten, dass die Gef\u00e4\u00dfe flach genug sind, sodass kein Tier zu Schaden kommen kann. Gegebenenfalls k\u00f6nnen Ausstieghilfen in Form von Steinen oder St\u00f6cken bereitgestellt werden. Das Wasser sollte mindestens einmal t\u00e4glich erneuert werden und die Gef\u00e4\u00dfe gereinigt werden.<\/p>\n<h6><u>Futterstellen<\/u><\/h6>\n<p>Futterstellen sollten so untergebracht werden, dass das Futter trocken bleibt. Wenn das Futter doch einmal feucht wird, sollte die Futterstelle gereinigt, vollst\u00e4ndig getrocknet und mit neuem Futter bef\u00fcllt werden.<\/p>\n<p>Sowohl bei Wasser- als auch bei Futterstellen ist auf eine strenge Hygiene zu achten, da sich sonst Keime und Parasiten schnell verbreiten k\u00f6nnen.<\/p>\n\r\n\t\t<\/div>\r\n\t<\/div>\r\n<div class=\"w-separator type_default size_medium thick_1 style_solid color_border cont_none\"><span class=\"w-separator-h\"><\/span><\/div>\r\n\t<div class=\"wpb_text_column \">\r\n\t\t<div class=\"wpb_wrapper\">\r\n\t\t\t<h5><strong>Insekten sch\u00fctzen<\/strong><\/h5>\n\r\n\t\t<\/div>\r\n\t<\/div>\r\n\r\n\t<div class=\"wpb_text_column \">\r\n\t\t<div class=\"wpb_wrapper\">\r\n\t\t\t<p>Um die Artenvielfalt im eigenen Garten zu erhalten oder sogar zu steigern, sollten neue Lebensr\u00e4ume f\u00fcr Insekten geschaffen werden.<\/p>\n<p>Eine kostenlose Anleitung wird vom Bund f\u00fcr Umwelt und Naturschutz Deutschland unter folgendem Link zur Verf\u00fcgung gestellt.<\/p>\n<p>Insekten sch\u00fctzen! Eine Anleitung f\u00fcr Garten, Haus und Alltag: <a href=\"https:\/\/www.bund.net\/service\/publikationen\/detail\/publication\/insekten-schuetzen-eine-anleitung-fuer-garten-haus-und-alltag\/\">https:\/\/www.bund.net\/service\/publikationen\/detail\/publication\/insekten-schuetzen-eine-anleitung-fuer-garten-haus-und-alltag\/<\/a><\/p>\n\r\n\t\t<\/div>\r\n\t<\/div>\r\n<\/div><\/div><\/div><\/div><\/div><\/section>\n","protected":false},"excerpt":{"rendered":"Wasser- und Futterstellen Wasserstellen An hei\u00dfen Sommertagen oder w\u00e4hrend Trockenperioden sind Wildtiere, Wildv\u00f6gel und Insekten auf das Bereitstellen von Wasserstellen angewiesen. Hierbei ist zu beachten, dass die Gef\u00e4\u00dfe flach genug...","protected":false},"author":1,"featured_media":0,"parent":0,"menu_order":0,"comment_status":"closed","ping_status":"closed","template":"","meta":{"_piecal_is_event":false,"_piecal_start_date":"","_piecal_end_date":"","_piecal_is_allday":false,"footnotes":""},"_links":{"self":[{"href":"https:\/\/tsv-giessen.de\/index.php?rest_route=\/wp\/v2\/pages\/13455"}],"collection":[{"href":"https:\/\/tsv-giessen.de\/index.php?rest_route=\/wp\/v2\/pages"}],"about":[{"href":"https:\/\/tsv-giessen.de\/index.php?rest_route=\/wp\/v2\/types\/page"}],"author":[{"embeddable":true,"href":"https:\/\/tsv-giessen.de\/index.php?rest_route=\/wp\/v2\/users\/1"}],"replies":[{"embeddable":true,"href":"https:\/\/tsv-giessen.de\/index.php?rest_route=%2Fwp%2Fv2%2Fcomments&post=13455"}],"version-history":[{"count":0,"href":"https:\/\/tsv-giessen.de\/index.php?rest_route=\/wp\/v2\/pages\/13455\/revisions"}],"wp:attachment":[{"href":"https:\/\/tsv-giessen.de\/index.php?rest_route=%2Fwp%2Fv2%2Fmedia&parent=13455"}],"curies":[{"name":"wp","href":"https:\/\/api.w.org\/{rel}","templated":true}]}}