{"id":13453,"date":"2020-11-01T14:37:33","date_gmt":"2020-11-01T13:37:33","guid":{"rendered":"https:\/\/tsv-giessen.de\/?page_id=13453"},"modified":"2021-04-10T18:32:09","modified_gmt":"2021-04-10T16:32:09","slug":"wildtierfund","status":"publish","type":"page","link":"https:\/\/tsv-giessen.de\/?page_id=13453","title":{"rendered":"Wildtierfund"},"content":{"rendered":"<section class=\"l-section wpb_row height_small\"><div class=\"l-section-h i-cf\"><div class=\"g-cols type_default valign_top\"><div class=\"vc_col-sm-12 wpb_column vc_column_container\"><div class=\"vc_column-inner\"><div class=\"wpb_wrapper\">\r\n\t<div class=\"wpb_text_column \">\r\n\t\t<div class=\"wpb_wrapper\">\r\n\t\t\t<h2 style=\"text-align: center;\">Notfall gefunden !<\/h2>\n\r\n\t\t<\/div>\r\n\t<\/div>\r\n<div class=\"w-separator type_default size_medium thick_1 style_solid color_border cont_none\"><span class=\"w-separator-h\"><\/span><\/div><\/div><\/div><\/div><\/div><\/div><\/section><section class=\"l-section wpb_row height_small\"><div class=\"l-section-h i-cf\"><div class=\"g-cols type_default valign_top\"><div class=\"vc_col-sm-8 wpb_column vc_column_container\"><div class=\"vc_column-inner\"><div class=\"wpb_wrapper\">\r\n\t<div class=\"wpb_text_column \">\r\n\t\t<div class=\"wpb_wrapper\">\r\n\t\t\t<p>Sie haben ein vermutlich hilfsbed\u00fcrftiges Wildtier gefunden? Dann gehen Sie bitte wie folgt vor:<\/p>\n\r\n\t\t<\/div>\r\n\t<\/div>\r\n\r\n\t<div class=\"wpb_text_column \">\r\n\t\t<div class=\"wpb_wrapper\">\r\n\t\t\t<ul>\n<li>Bleiben Sie ruhig! Es ist eine Ausnahmesituation, die stresst und in der man nichts falsch machen m\u00f6chte, aber \u00fcbereiltes Vorgehen ist nicht zielf\u00fchrend.<\/li>\n<li>Achten Sie bitte immer auf Ihre <strong>eigene Sicherheit<\/strong> &#8211; bei Verkehrsopfer Unfallstelle absichern, Schutzweste.<\/li>\n<li>Tier bei der Bergung\/Sicherung am besten mit Tuch oder Jacke abdecken.<\/li>\n<li>Tier immer <strong>ruhig<\/strong> und <strong>dunkel<\/strong> unterbringen.<\/li>\n<li>Bitte einem Notfall <strong>kein<\/strong> Wasser oder Futter geben und das Tier warm halten!<\/li>\n<li>Jungtiere sollten immer <strong>warm<\/strong> gehalten werden &#8211; W\u00e4rmeflasche o. PET Flasche gef\u00fcllt mit warmen Wasser o. Reissocke o. Kirschkernkissen &#8211; <strong>immer mit Handtuch umwickeln.<\/strong><\/li>\n<li>Bitte Kinder und Haustiere fernhalten.<\/li>\n<\/ul>\n\r\n\t\t<\/div>\r\n\t<\/div>\r\n\r\n\t<div class=\"wpb_text_column \">\r\n\t\t<div class=\"wpb_wrapper\">\r\n\t\t\t<p>Quelle : <a href=\"https:\/\/www.ighw.org\/notfall-hilfe\/\">https:\/\/www.ighw.org\/notfall-hilfe\/<\/a><\/p>\n\r\n\t\t<\/div>\r\n\t<\/div>\r\n<\/div><\/div><\/div><div class=\"vc_col-sm-4 wpb_column vc_column_container\"><div class=\"vc_column-inner\"><div class=\"wpb_wrapper\"><div class=\"w-image style_simple\"><div class=\"us-frame\"><img loading=\"lazy\" decoding=\"async\" width=\"225\" height=\"300\" src=\"https:\/\/www.tsv-giessen.de\/wp-content\/uploads\/2021\/04\/image01-225x300.jpg\" class=\"attachment-medium size-medium\" alt=\"\" srcset=\"https:\/\/www.tsv-giessen.de\/wp-content\/uploads\/2021\/04\/image01-225x300.jpg 225w, https:\/\/www.tsv-giessen.de\/wp-content\/uploads\/2021\/04\/image01.jpg 360w\" sizes=\"(max-width: 225px) 100vw, 225px\" \/><\/div><\/div><\/div><\/div><\/div><\/div><\/div><\/section><section class=\"l-section wpb_row height_small\"><div class=\"l-section-h i-cf\"><div class=\"g-cols type_default valign_top\"><div class=\"vc_col-sm-12 wpb_column vc_column_container\"><div class=\"vc_column-inner\"><div class=\"wpb_wrapper\"><div class=\"w-separator type_default size_medium thick_1 style_solid color_border cont_none\"><span class=\"w-separator-h\"><\/span><\/div><\/div><\/div><\/div><\/div><\/div><\/section><section class=\"l-section wpb_row height_small\"><div class=\"l-section-h i-cf\"><div class=\"g-cols type_default valign_top\"><div class=\"vc_col-sm-4 wpb_column vc_column_container\"><div class=\"vc_column-inner\"><div class=\"wpb_wrapper\"><div class=\"w-image style_simple\"><div class=\"us-frame\"><img loading=\"lazy\" decoding=\"async\" width=\"480\" height=\"360\" src=\"https:\/\/www.tsv-giessen.de\/wp-content\/uploads\/2021\/04\/image2.jpg\" class=\"attachment-large size-large\" alt=\"\" srcset=\"https:\/\/www.tsv-giessen.de\/wp-content\/uploads\/2021\/04\/image2.jpg 480w, https:\/\/www.tsv-giessen.de\/wp-content\/uploads\/2021\/04\/image2-300x225.jpg 300w\" sizes=\"(max-width: 480px) 100vw, 480px\" \/><\/div><\/div><\/div><\/div><\/div><div class=\"vc_col-sm-8 wpb_column vc_column_container\"><div class=\"vc_column-inner\"><div class=\"wpb_wrapper\">\r\n\t<div class=\"wpb_text_column \">\r\n\t\t<div class=\"wpb_wrapper\">\r\n\t\t\t<p>Schauen Sie bitte auf der folgenden verlinkten Pflegestellenliste nach, ob Sie in ihrer N\u00e4he einen Kontakt finden, falls nicht rufen Sie bitte irgendeine Station oder Pflegestelle an &#8211; dort kann man Sie am Telefon beraten, ob \u00fcberhaupt ein Eingreifen erforderlich und wenn ja, was genau zu tun ist.<\/p>\n<p>Pflegestellenliste: <a href=\"https:\/\/www.ighw.org\/pflegestellen\/\">https:\/\/www.ighw.org\/pflegestellen\/<\/a><\/p>\n<p>Weitere Informationen zu einzelnen Tierarten finden Sie in der Notfallbrosch\u00fcre der IGHW<\/p>\n\r\n\t\t<\/div>\r\n\t<\/div>\r\n<\/div><\/div><\/div><\/div><\/div><\/section>\n","protected":false},"excerpt":{"rendered":"Notfall gefunden ! Sie haben ein vermutlich hilfsbed\u00fcrftiges Wildtier gefunden? Dann gehen Sie bitte wie folgt vor: Bleiben Sie ruhig! Es ist eine Ausnahmesituation, die stresst und in der man...","protected":false},"author":1,"featured_media":0,"parent":0,"menu_order":0,"comment_status":"closed","ping_status":"closed","template":"","meta":{"_piecal_is_event":false,"_piecal_start_date":"","_piecal_end_date":"","_piecal_is_allday":false,"footnotes":""},"_links":{"self":[{"href":"https:\/\/tsv-giessen.de\/index.php?rest_route=\/wp\/v2\/pages\/13453"}],"collection":[{"href":"https:\/\/tsv-giessen.de\/index.php?rest_route=\/wp\/v2\/pages"}],"about":[{"href":"https:\/\/tsv-giessen.de\/index.php?rest_route=\/wp\/v2\/types\/page"}],"author":[{"embeddable":true,"href":"https:\/\/tsv-giessen.de\/index.php?rest_route=\/wp\/v2\/users\/1"}],"replies":[{"embeddable":true,"href":"https:\/\/tsv-giessen.de\/index.php?rest_route=%2Fwp%2Fv2%2Fcomments&post=13453"}],"version-history":[{"count":0,"href":"https:\/\/tsv-giessen.de\/index.php?rest_route=\/wp\/v2\/pages\/13453\/revisions"}],"wp:attachment":[{"href":"https:\/\/tsv-giessen.de\/index.php?rest_route=%2Fwp%2Fv2%2Fmedia&parent=13453"}],"curies":[{"name":"wp","href":"https:\/\/api.w.org\/{rel}","templated":true}]}}