{"id":13451,"date":"2020-11-01T14:34:48","date_gmt":"2020-11-01T13:34:48","guid":{"rendered":"https:\/\/tsv-giessen.de\/?page_id=13451"},"modified":"2021-04-21T16:41:59","modified_gmt":"2021-04-21T14:41:59","slug":"leitgedanke-2","status":"publish","type":"page","link":"https:\/\/tsv-giessen.de\/?page_id=13451","title":{"rendered":"Leitgedanke"},"content":{"rendered":"<section class=\"l-section wpb_row height_small\"><div class=\"l-section-h i-cf\"><div class=\"g-cols type_default valign_top\"><div class=\"vc_col-sm-12 wpb_column vc_column_container\"><div class=\"vc_column-inner\"><div class=\"wpb_wrapper\"><div class=\"cl-review type_quote layout_centered quote_italic\"><div class=\"cl-review-quote\"><div class=\"cl-review-quote-text\" style=\"font-size:25px;\"><q>Immer mehr Tier- und Pflanzenarten sterben aus und die Artenvielfalt nimmt ab.<\/q><\/div><div class=\"cl-review-author\" style=\"font-size:14px;\"><\/div><\/div><\/div><div class=\"w-separator type_default size_medium thick_1 style_solid color_border cont_none\"><span class=\"w-separator-h\"><\/span><\/div>\r\n\t<div class=\"wpb_text_column \">\r\n\t\t<div class=\"wpb_wrapper\">\r\n\t\t\t<h4 style=\"text-align: center;\"><strong>Nat\u00fcrlich sind wir auch f\u00fcr Wildtier Notf\u00e4lle und Fragen f\u00fcr sie da.<\/strong><\/h4>\n<h4 style=\"text-align: center;\"><strong>Sie k\u00f6nnen uns \u00fc<\/strong><strong>ber das NOTFALLhandy von 8-18 Uhr unter der 0151 15624941 erreichen.<\/strong><\/h4>\n\r\n\t\t<\/div>\r\n\t<\/div>\r\n<div class=\"w-separator type_default size_medium thick_1 style_solid color_border cont_none\"><span class=\"w-separator-h\"><\/span><\/div><div class=\"w-image align_center style_simple\"><div class=\"us-frame\"><img loading=\"lazy\" decoding=\"async\" width=\"1535\" height=\"500\" src=\"https:\/\/www.tsv-giessen.de\/wp-content\/uploads\/2021\/04\/wildt.jpg\" class=\"attachment-full size-full\" alt=\"\" srcset=\"https:\/\/www.tsv-giessen.de\/wp-content\/uploads\/2021\/04\/wildt.jpg 1535w, https:\/\/www.tsv-giessen.de\/wp-content\/uploads\/2021\/04\/wildt-600x195.jpg 600w, https:\/\/www.tsv-giessen.de\/wp-content\/uploads\/2021\/04\/wildt-300x98.jpg 300w, https:\/\/www.tsv-giessen.de\/wp-content\/uploads\/2021\/04\/wildt-1024x334.jpg 1024w, https:\/\/www.tsv-giessen.de\/wp-content\/uploads\/2021\/04\/wildt-768x250.jpg 768w\" sizes=\"(max-width: 1535px) 100vw, 1535px\" \/><\/div><\/div><\/div><\/div><\/div><\/div><\/div><\/section><section class=\"l-section wpb_row height_small\"><div class=\"l-section-h i-cf\"><div class=\"g-cols type_default valign_top\"><div class=\"vc_col-sm-12 wpb_column vc_column_container\"><div class=\"vc_column-inner\"><div class=\"wpb_wrapper\">\r\n\t<div class=\"wpb_text_column \">\r\n\t\t<div class=\"wpb_wrapper\">\r\n\t\t\t<p style=\"text-align: center;\">Immer mehr Tier- und Pflanzenarten sterben aus und die Artenvielfalt nimmt ab.<\/p>\n<p style=\"text-align: center;\">Jeder kann jedoch dazu beitragen, Lebensr\u00e4ume zu erhalten und sich im Wildtierschutz zu engagieren.<\/p>\n<p style=\"text-align: center;\">Sei es durch eine angepasste Gartengestaltung oder einen aufmerksameren Blick im Alltag.<\/p>\n<p style=\"text-align: center;\">In den Unterkategorien finden Sie sowohl Tipps f\u00fcr jeden, der sich f\u00fcr den Wildtierschutz einsetzen m\u00f6chte, als auch Leitf\u00e4den zum Umgang mit gefundenen oder sogar verletzten Wildtieren.<\/p>\n\r\n\t\t<\/div>\r\n\t<\/div>\r\n<\/div><\/div><\/div><\/div><\/div><\/section><section class=\"l-section wpb_row height_small\"><div class=\"l-section-h i-cf\"><div class=\"g-cols type_default valign_top\"><div class=\"vc_col-sm-2 wpb_column vc_column_container\"><div class=\"vc_column-inner\"><div class=\"wpb_wrapper\"><\/div><\/div><\/div><div class=\"vc_col-sm-2 wpb_column vc_column_container\"><div class=\"vc_column-inner\"><div class=\"wpb_wrapper\"><\/div><\/div><\/div><div class=\"vc_col-sm-2 wpb_column vc_column_container\"><div class=\"vc_column-inner\"><div class=\"wpb_wrapper\"><div class=\"w-btn-wrapper align_center\"><a class=\"w-btn style_solid color_primary icon_none\" href=\"https:\/\/tsv-giessen.de\/?page_id=13453\" title=\"Wildtierfund\" style=\"font-size:20px;\"><span class=\"w-btn-label\">Wildtierfund<\/span><\/a><\/div><\/div><\/div><\/div><div class=\"vc_col-sm-2 wpb_column vc_column_container\"><div class=\"vc_column-inner\"><div class=\"wpb_wrapper\"><div class=\"w-btn-wrapper align_center\"><a class=\"w-btn style_solid color_primary icon_none\" href=\"https:\/\/tsv-giessen.de\/?page_id=13455\" title=\"Tipps\" style=\"font-size:20px;\"><span class=\"w-btn-label\">Tipps<\/span><\/a><\/div><\/div><\/div><\/div><div class=\"vc_col-sm-2 wpb_column vc_column_container\"><div class=\"vc_column-inner\"><div class=\"wpb_wrapper\"><\/div><\/div><\/div><div class=\"vc_col-sm-2 wpb_column vc_column_container\"><div class=\"vc_column-inner\"><div class=\"wpb_wrapper\"><\/div><\/div><\/div><\/div><\/div><\/section>\n","protected":false},"excerpt":{"rendered":"Immer mehr Tier- und Pflanzenarten sterben aus und die Artenvielfalt nimmt ab. Nat\u00fcrlich sind wir auch f\u00fcr Wildtier Notf\u00e4lle und Fragen f\u00fcr sie da. Sie k\u00f6nnen uns \u00fcber das NOTFALLhandy...","protected":false},"author":1,"featured_media":0,"parent":0,"menu_order":0,"comment_status":"closed","ping_status":"closed","template":"","meta":{"_piecal_is_event":false,"_piecal_start_date":"","_piecal_end_date":"","_piecal_is_allday":false,"footnotes":""},"_links":{"self":[{"href":"https:\/\/tsv-giessen.de\/index.php?rest_route=\/wp\/v2\/pages\/13451"}],"collection":[{"href":"https:\/\/tsv-giessen.de\/index.php?rest_route=\/wp\/v2\/pages"}],"about":[{"href":"https:\/\/tsv-giessen.de\/index.php?rest_route=\/wp\/v2\/types\/page"}],"author":[{"embeddable":true,"href":"https:\/\/tsv-giessen.de\/index.php?rest_route=\/wp\/v2\/users\/1"}],"replies":[{"embeddable":true,"href":"https:\/\/tsv-giessen.de\/index.php?rest_route=%2Fwp%2Fv2%2Fcomments&post=13451"}],"version-history":[{"count":0,"href":"https:\/\/tsv-giessen.de\/index.php?rest_route=\/wp\/v2\/pages\/13451\/revisions"}],"wp:attachment":[{"href":"https:\/\/tsv-giessen.de\/index.php?rest_route=%2Fwp%2Fv2%2Fmedia&parent=13451"}],"curies":[{"name":"wp","href":"https:\/\/api.w.org\/{rel}","templated":true}]}}