{"id":11710,"date":"2020-05-04T18:38:07","date_gmt":"2020-05-04T16:38:07","guid":{"rendered":"https:\/\/tsv-giessen.de\/?page_id=11710"},"modified":"2025-05-04T15:26:36","modified_gmt":"2025-05-04T13:26:36","slug":"bueroteam","status":"publish","type":"page","link":"https:\/\/tsv-giessen.de\/?page_id=11710","title":{"rendered":"B\u00fcroteam"},"content":{"rendered":"<section class=\"l-section wpb_row height_small\"><div class=\"l-section-h i-cf\"><div class=\"g-cols type_default valign_top\"><div class=\"vc_col-sm-12 wpb_column vc_column_container\"><div class=\"vc_column-inner\"><div class=\"wpb_wrapper\">\r\n\t<div class=\"wpb_text_column \">\r\n\t\t<div class=\"wpb_wrapper\">\r\n\t\t\t<p style=\"text-align: center;\"><span class=\"cf1 ff1\"><b><span class=\"fs13\">Unser B\u00fcroteam darf nat\u00fcrlich auch nicht fehlen<\/span><\/b><\/span><\/p>\n\r\n\t\t<\/div>\r\n\t<\/div>\r\n<\/div><\/div><\/div><\/div><\/div><\/section><section class=\"l-section wpb_row height_small\"><div class=\"l-section-h i-cf\"><div class=\"g-cols type_default valign_top\"><div class=\"vc_col-sm-2 wpb_column vc_column_container\"><div class=\"vc_column-inner\"><div class=\"wpb_wrapper\"><div class=\"w-person layout_circle\" itemscope=\"itemscope\" itemtype=\"https:\/\/schema.org\/Person\"><div class=\"w-person-image\"><img loading=\"lazy\" decoding=\"async\" src=\"https:\/\/www.tsv-giessen.de\/wp-content\/uploads\/2017\/06\/Britta-Drolsbach-350x350.jpg\" width=\"350\" height=\"350\" alt=\"Britta Drolsbach\" itemprop=\"image\"><\/div><div class=\"w-person-content\"><h4 class=\"w-person-name\" itemprop=\"name\"><span>Britta Drolsbach<\/span><\/h4><div class=\"w-person-role\" itemprop=\"jobTitle\">B\u00fcroteam<\/div><\/div><\/div><\/div><\/div><\/div><div class=\"vc_col-sm-2 wpb_column vc_column_container\"><div class=\"vc_column-inner\"><div class=\"wpb_wrapper\"><div class=\"w-person layout_circle\" itemscope=\"itemscope\" itemtype=\"https:\/\/schema.org\/Person\"><div class=\"w-person-image\"><img loading=\"lazy\" decoding=\"async\" src=\"https:\/\/www.tsv-giessen.de\/wp-content\/uploads\/2023\/01\/WhatsApp-Image-2023-01-11-at-15.42.401-350x350.jpeg\" width=\"350\" height=\"350\" alt=\"Sita Sengh\" itemprop=\"image\"><\/div><div class=\"w-person-content\"><h4 class=\"w-person-name\" itemprop=\"name\"><span>Sita Sengh<\/span><\/h4><div class=\"w-person-role\" itemprop=\"jobTitle\">B\u00fcroteam<\/div><\/div><\/div><\/div><\/div><\/div><div class=\"vc_col-sm-2 wpb_column vc_column_container\"><div class=\"vc_column-inner\"><div class=\"wpb_wrapper\"><div class=\"w-person layout_circle\" itemscope=\"itemscope\" itemtype=\"https:\/\/schema.org\/Person\"><div class=\"w-person-image\"><img loading=\"lazy\" decoding=\"async\" src=\"https:\/\/www.tsv-giessen.de\/wp-content\/uploads\/2024\/01\/WhatsApp-Bild-2024-01-03-um-11.25.00_ae6a8e65-350x350.jpg\" width=\"350\" height=\"350\" alt=\"Britta Mahner\" itemprop=\"image\"><\/div><div class=\"w-person-content\"><h4 class=\"w-person-name\" itemprop=\"name\"><span>Britta Mahner<\/span><\/h4><div class=\"w-person-role\" itemprop=\"jobTitle\">B\u00fcroteam<\/div><\/div><\/div><\/div><\/div><\/div><div class=\"vc_col-sm-2 wpb_column vc_column_container\"><div class=\"vc_column-inner\"><div class=\"wpb_wrapper\"><div class=\"w-person layout_circle\" itemscope=\"itemscope\" itemtype=\"https:\/\/schema.org\/Person\"><div class=\"w-person-image\"><img loading=\"lazy\" decoding=\"async\" src=\"https:\/\/www.tsv-giessen.de\/wp-content\/uploads\/2024\/01\/WhatsApp-Bild-2024-01-03-um-11.25.29_13b3f498-350x350.jpg\" width=\"350\" height=\"350\" alt=\"Bettina Vaupel\" itemprop=\"image\"><\/div><div class=\"w-person-content\"><h4 class=\"w-person-name\" itemprop=\"name\"><span>Bettina Vaupel<\/span><\/h4><div class=\"w-person-role\" itemprop=\"jobTitle\">B\u00fcroteam<\/div><\/div><\/div><\/div><\/div><\/div><div class=\"vc_col-sm-2 wpb_column vc_column_container\"><div class=\"vc_column-inner\"><div class=\"wpb_wrapper\"><div class=\"w-person layout_circle\" itemscope=\"itemscope\" itemtype=\"https:\/\/schema.org\/Person\"><div class=\"w-person-image\"><img loading=\"lazy\" decoding=\"async\" src=\"https:\/\/www.tsv-giessen.de\/wp-content\/uploads\/2024\/05\/WhatsApp-Bild-2024-05-07-um-14.29.28_6ec34912-350x350.jpg\" width=\"350\" height=\"350\" alt=\"Gerti Rahn\" itemprop=\"image\"><\/div><div class=\"w-person-content\"><h4 class=\"w-person-name\" itemprop=\"name\"><span>Gerti Rahn<\/span><\/h4><div class=\"w-person-role\" itemprop=\"jobTitle\">B\u00fcroteam<\/div><\/div><\/div><\/div><\/div><\/div><div class=\"vc_col-sm-2 wpb_column vc_column_container\"><div class=\"vc_column-inner\"><div class=\"wpb_wrapper\"><div class=\"w-person layout_circle\" itemscope=\"itemscope\" itemtype=\"https:\/\/schema.org\/Person\"><div class=\"w-person-image\"><img loading=\"lazy\" decoding=\"async\" src=\"https:\/\/www.tsv-giessen.de\/wp-content\/uploads\/2025\/05\/3AA5E1EB6C8A54696D6A1-e1746365183357-350x350.jpeg\" width=\"350\" height=\"350\" alt=\"Karin V\u00f6ll\" itemprop=\"image\"><\/div><div class=\"w-person-content\"><h4 class=\"w-person-name\" itemprop=\"name\"><span>Karin V\u00f6ll<\/span><\/h4><div class=\"w-person-role\" itemprop=\"jobTitle\">B\u00fcroteam<\/div><\/div><\/div><\/div><\/div><\/div><\/div><\/div><\/section><section class=\"l-section wpb_row height_small\"><div class=\"l-section-h i-cf\"><div class=\"g-cols type_default valign_top\"><div class=\"vc_col-sm-2 wpb_column vc_column_container\"><div class=\"vc_column-inner\"><div class=\"wpb_wrapper\"><\/div><\/div><\/div><div class=\"vc_col-sm-2 wpb_column vc_column_container\"><div class=\"vc_column-inner\"><div class=\"wpb_wrapper\"><\/div><\/div><\/div><div class=\"vc_col-sm-2 wpb_column vc_column_container\"><div class=\"vc_column-inner\"><div class=\"wpb_wrapper\"><\/div><\/div><\/div><div class=\"vc_col-sm-2 wpb_column vc_column_container\"><div class=\"vc_column-inner\"><div class=\"wpb_wrapper\"><\/div><\/div><\/div><div class=\"vc_col-sm-2 wpb_column vc_column_container\"><div class=\"vc_column-inner\"><div class=\"wpb_wrapper\"><\/div><\/div><\/div><div class=\"vc_col-sm-2 wpb_column vc_column_container\"><div class=\"vc_column-inner\"><div class=\"wpb_wrapper\"><\/div><\/div><\/div><\/div><\/div><\/section>\n","protected":false},"excerpt":{"rendered":"Unser B\u00fcroteam darf nat\u00fcrlich auch nicht fehlen Britta DrolsbachB\u00fcroteamSita SenghB\u00fcroteamBritta MahnerB\u00fcroteamBettina VaupelB\u00fcroteamGerti RahnB\u00fcroteamKarin V\u00f6llB\u00fcroteam","protected":false},"author":1,"featured_media":0,"parent":0,"menu_order":0,"comment_status":"closed","ping_status":"closed","template":"","meta":{"_piecal_is_event":false,"_piecal_start_date":"","_piecal_end_date":"","_piecal_is_allday":false,"footnotes":""},"_links":{"self":[{"href":"https:\/\/tsv-giessen.de\/index.php?rest_route=\/wp\/v2\/pages\/11710"}],"collection":[{"href":"https:\/\/tsv-giessen.de\/index.php?rest_route=\/wp\/v2\/pages"}],"about":[{"href":"https:\/\/tsv-giessen.de\/index.php?rest_route=\/wp\/v2\/types\/page"}],"author":[{"embeddable":true,"href":"https:\/\/tsv-giessen.de\/index.php?rest_route=\/wp\/v2\/users\/1"}],"replies":[{"embeddable":true,"href":"https:\/\/tsv-giessen.de\/index.php?rest_route=%2Fwp%2Fv2%2Fcomments&post=11710"}],"version-history":[{"count":2,"href":"https:\/\/tsv-giessen.de\/index.php?rest_route=\/wp\/v2\/pages\/11710\/revisions"}],"predecessor-version":[{"id":34625,"href":"https:\/\/tsv-giessen.de\/index.php?rest_route=\/wp\/v2\/pages\/11710\/revisions\/34625"}],"wp:attachment":[{"href":"https:\/\/tsv-giessen.de\/index.php?rest_route=%2Fwp%2Fv2%2Fmedia&parent=11710"}],"curies":[{"name":"wp","href":"https:\/\/api.w.org\/{rel}","templated":true}]}}