{"id":11624,"date":"2020-04-23T17:30:03","date_gmt":"2020-04-23T15:30:03","guid":{"rendered":"https:\/\/tsv-giessen.de\/?page_id=11624"},"modified":"2026-02-16T10:38:23","modified_gmt":"2026-02-16T09:38:23","slug":"wir-suchen-verstaerkung-2","status":"publish","type":"page","link":"https:\/\/tsv-giessen.de\/?page_id=11624","title":{"rendered":"Wir suchen Verst\u00e4rkung"},"content":{"rendered":"<section class=\"l-section wpb_row height_small\"><div class=\"l-section-h i-cf\"><div class=\"g-cols type_default valign_top\"><div class=\"vc_col-sm-12 wpb_column vc_column_container\"><div class=\"vc_column-inner\"><div class=\"wpb_wrapper\">\r\n\t<div class=\"wpb_text_column \">\r\n\t\t<div class=\"wpb_wrapper\">\r\n\t\t\t<h3 style=\"text-align: center;\"><strong><span style=\"color: #ff0000;\">Ausbildungstelle zum Tierpfleger (m\/w\/d)<\/span><br \/>\n<\/strong><\/h3>\n<p style=\"text-align: center;\">Fachrichtung Tierheim und Tierpension<\/p>\n\r\n\t\t<\/div>\r\n\t<\/div>\r\n\r\n\t<div class=\"wpb_text_column \">\r\n\t\t<div class=\"wpb_wrapper\">\r\n\t\t\t<p>Das Tierheim des Tierschutzvereines Gie\u00dfen und Umgebung e.V. existiert seit den 60er Jahren und betreut aktuell sowohl Abgabetiere, beschlagnahmte Tiere, wie auch die Fundtiere von 78 Ortschaften aus 13 Gemeinden. Zur Bew\u00e4ltigung aller T\u00e4tigkeiten unseres modernen Tierheims steht ein Team aus kompetenten und motivierten Mitarbeitern bereit, das von ehrenamtlichen Helfern unterst\u00fctzt wird.<\/p>\n<p>Auf insgesamt rund 10.000 m<sup>2<\/sup> Betriebsgel\u00e4nde werden pro Jahr fast 1.000 Tiere, zu denen Hunde, Katzen, kleine Heimtiere (Nager, Kaninchen, V\u00f6gel) und exotische Heimtiere (Schlangen etc.) geh\u00f6ren, betreut.<\/p>\n<p>Um den Bed\u00fcrfnissen all unserer tierischen Bewohner gerecht werden zu k\u00f6nnen und vor allem, um nicht eine \u201eAufbewahrungsstelle\u201c, sondern ein sch\u00f6nes und tierschutzgerechtes Heim auf Zeit zu bieten, werden immer wieder Neu- und Umbauten durchgef\u00fchrt. So stehen wir aktuell vor der Umsetzung einer energetischen Ver\u00e4nderung.<\/p>\n<p>Haben wir ihr Interesse geweckt? Lust auf einen Ausbildungsplatz ab 01.08.2026?<\/p>\n<p>Dann senden Sie uns bitte Ihre vollst\u00e4ndigen Bewerbungsunterlagen inklusive Lebenslauf und Zeugnissen sowie ein Motivationsschreiben, in dem Sie erl\u00e4utern, warum Sie der\/die perfekte Bewerber\/in f\u00fcr die Stelle sind und welche Erfahrungen Sie bereits mitbringen.<\/p>\n<p><strong>T\u00e4gliche Aufgaben eines Tierpflegers:<\/strong><\/p>\n<ul>\n<li>Pflege und Versorgung der Tiere<\/li>\n<li>Einrichtung, Reinigung, Desinfektion und Instandhaltung der Tierunterk\u00fcnfte<\/li>\n<li>Lagern und zubereiten von Futter<\/li>\n<li>Interessenten- und Besucherbetreuung<\/li>\n<li>Vermittlung der Tiere an Neubesitzer<\/li>\n<li>Versorgung kranker und chronisch kranker Tiere<\/li>\n<li>Mithilfe bei Behandlungen und der Nachbetreuung<\/li>\n<li>Zusammenarbeit mit Tier\u00e4rzten und anderen Organisationen<\/li>\n<\/ul>\n<p><strong>Unsere Anforderungen:<\/strong><\/p>\n<ul>\n<li>Bereitschaft zum Wochenend- und Feiertagsdienst<\/li>\n<li>Freude im Umgang mit Tieren <strong>und<\/strong> Menschen<\/li>\n<li>Teamf\u00e4higkeit, Zuverl\u00e4ssigkeit, Flexibilit\u00e4t und k\u00f6rperliche sowie emotionale Belastbarkeit<\/li>\n<li>Leistungsbereitschaft und Engagement sowie Verantwortungsbewusstsein<\/li>\n<\/ul>\n<p><strong>Wir bieten:<\/strong><\/p>\n<ul>\n<li>Einen abwechslungsreichen Arbeitsplatz in einem modernen Tierheim in sch\u00f6ner Lage<\/li>\n<li>Ein eingespieltes Team unter kompetenter Leitung<\/li>\n<li>Innerbetrieblicher Unterricht der Auszubildenden<\/li>\n<\/ul>\n<p>Wir freuen uns auf Ihre aussagekr\u00e4ftige Bewerbung per E-Mail an:<\/p>\n<p><span style=\"color: #ff0000;\"><b>Info@tsv-giessen.de<\/b><\/span><\/p>\n<p>oder nat\u00fcrlich auf dem <strong>Postweg<\/strong><\/p>\n\r\n\t\t<\/div>\r\n\t<\/div>\r\n<\/div><\/div><\/div><\/div><\/div><\/section><section class=\"l-section wpb_row height_small\"><div class=\"l-section-h i-cf\"><div class=\"g-cols type_default valign_top\"><div class=\"vc_col-sm-12 wpb_column vc_column_container\"><div class=\"vc_column-inner\"><div class=\"wpb_wrapper\">\r\n\t<div class=\"wpb_text_column \">\r\n\t\t<div class=\"wpb_wrapper\">\r\n\t\t\t<h3 style=\"text-align: center;\"><span style=\"color: #ff0000;\"><strong>Bundesfreiwilligendienstleistende (m\/w\/d) gesucht ab April 2026<br \/>\n<\/strong><\/span><\/h3>\n\r\n\t\t<\/div>\r\n\t<\/div>\r\n\r\n\t<div class=\"wpb_text_column \">\r\n\t\t<div class=\"wpb_wrapper\">\r\n\t\t\t<p><strong>Der TSV Gie\u00dfen u.U. e.V. sucht f\u00fcr sein Tierheim Unterst\u00fctzung<\/strong><\/p>\n<p><b>Wir <\/b><b>bieten:<\/b><\/p>\n<ul>\n<li>Einen abwechslungsreichen Arbeitsplatz in einem modernen Tierheim in sch\u00f6ner Lage<\/li>\n<li>Ein eingespieltes Team unter kompetenter Leitung<\/li>\n<\/ul>\n<p><b>Wir <\/b><b>suchen<\/b><b>:<\/b><\/p>\n<ul>\n<li>Freude im Umgang mit Tieren und Menschen<\/li>\n<li>Zuverl\u00e4ssigkeit, Flexibilit\u00e4t und k\u00f6rperliche sowie emotionale Belastbarkeit<\/li>\n<li>Leistungsbereitschaft und Engagement sowie Verantwortungsbewusstsein<\/li>\n<li>F\u00fchrerschein Klasse B w\u00e4re vorteilhaft<\/li>\n<li>Bereitschaft zum Wochenend- und Feiertagsdienst<\/li>\n<\/ul>\n<p>Wir freuen uns auf Ihre aussagekr\u00e4ftige Bewerbung per E-Mail an:<\/p>\n<p><span style=\"color: #ff0000;\"><strong>Info@tsv-giessen.de<\/strong><\/span><\/p>\n\r\n\t\t<\/div>\r\n\t<\/div>\r\n<\/div><\/div><\/div><\/div><\/div><\/section><section class=\"l-section wpb_row height_small\"><div class=\"l-section-h i-cf\"><div class=\"g-cols type_default valign_top\"><div class=\"vc_col-sm-12 wpb_column vc_column_container\"><div class=\"vc_column-inner\"><div class=\"wpb_wrapper\">\r\n\t<div class=\"wpb_text_column \">\r\n\t\t<div class=\"wpb_wrapper\">\r\n\t\t\t<h3 style=\"text-align: center;\"><span style=\"color: #ff0000;\"><strong>Ehrenamtliche (m\/w\/d) im Telefondienst<br \/>\n<\/strong><\/span><\/h3>\n\r\n\t\t<\/div>\r\n\t<\/div>\r\n\r\n\t<div class=\"wpb_text_column \">\r\n\t\t<div class=\"wpb_wrapper\">\r\n\t\t\t<p><b>Wir m\u00f6chten<\/b> <b>unsere Erreichbarkeit verbessern und suchen dazu <\/b><b>Unterst\u00fctzung im Telefondienst. <\/b><\/p>\n<p><b>Wenden Sie sich<\/b> <b>gerne<\/b> <b>per<\/b> <b>Mail<\/b> <b>an die <a href=\"mailto:info@tsv-giessen.de\">info@tsv-giessen.de<\/a><\/b><\/p>\n<p><b>Wir<\/b> <b>freuen<\/b> <b>uns<\/b> <b>auf<\/b> <b>Ihre<\/b> <b>Unterst\u00fctzung! <\/b><\/p>\n\r\n\t\t<\/div>\r\n\t<\/div>\r\n<\/div><\/div><\/div><\/div><\/div><\/section>\n","protected":false},"excerpt":{"rendered":"Ausbildungstelle zum Tierpfleger (m\/w\/d) Fachrichtung Tierheim und Tierpension Das Tierheim des Tierschutzvereines Gie\u00dfen und Umgebung e.V. existiert seit den 60er Jahren und betreut aktuell sowohl Abgabetiere, beschlagnahmte Tiere, wie auch...","protected":false},"author":11,"featured_media":0,"parent":0,"menu_order":0,"comment_status":"closed","ping_status":"closed","template":"","meta":{"_piecal_is_event":false,"_piecal_start_date":"","_piecal_end_date":"","_piecal_is_allday":false,"footnotes":""},"_links":{"self":[{"href":"https:\/\/tsv-giessen.de\/index.php?rest_route=\/wp\/v2\/pages\/11624"}],"collection":[{"href":"https:\/\/tsv-giessen.de\/index.php?rest_route=\/wp\/v2\/pages"}],"about":[{"href":"https:\/\/tsv-giessen.de\/index.php?rest_route=\/wp\/v2\/types\/page"}],"author":[{"embeddable":true,"href":"https:\/\/tsv-giessen.de\/index.php?rest_route=\/wp\/v2\/users\/11"}],"replies":[{"embeddable":true,"href":"https:\/\/tsv-giessen.de\/index.php?rest_route=%2Fwp%2Fv2%2Fcomments&post=11624"}],"version-history":[{"count":17,"href":"https:\/\/tsv-giessen.de\/index.php?rest_route=\/wp\/v2\/pages\/11624\/revisions"}],"predecessor-version":[{"id":38832,"href":"https:\/\/tsv-giessen.de\/index.php?rest_route=\/wp\/v2\/pages\/11624\/revisions\/38832"}],"wp:attachment":[{"href":"https:\/\/tsv-giessen.de\/index.php?rest_route=%2Fwp%2Fv2%2Fmedia&parent=11624"}],"curies":[{"name":"wp","href":"https:\/\/api.w.org\/{rel}","templated":true}]}}